{"id":17,"date":"2022-06-10T15:44:41","date_gmt":"2022-06-10T15:44:41","guid":{"rendered":"https:\/\/kadence.pixel-show.com\/cleaning-services\/?page_id=17"},"modified":"2024-03-06T10:53:15","modified_gmt":"2024-03-06T10:53:15","slug":"contacts","status":"publish","type":"page","link":"https:\/\/hieronta-lymfa.fi\/?page_id=17","title":{"rendered":"yhteystiedot"},"content":{"rendered":"<style>.kb-row-layout-id17_f7b060-bf > .kt-row-column-wrap{align-content:start;}:where(.kb-row-layout-id17_f7b060-bf > .kt-row-column-wrap) > .wp-block-kadence-column{justify-content:start;}.kb-row-layout-id17_f7b060-bf > .kt-row-column-wrap{column-gap:var(--global-kb-gap-md, 2rem);row-gap:var(--global-kb-gap-md, 2rem);max-width:600px;margin-left:auto;margin-right:auto;padding-top:146px;padding-right:0px;padding-bottom:158px;padding-left:0px;grid-template-columns:minmax(0, 1fr);}.kb-row-layout-id17_f7b060-bf{background-image:url('https:\/\/hieronta-lymfa.fi\/wp-content\/uploads\/2024\/03\/essik233.jpg');background-size:cover;background-position:center center;background-attachment:fixed;background-repeat:no-repeat;}.kb-row-layout-id17_f7b060-bf > .kt-row-layout-overlay{opacity:0.77;background-color:var(--global-palette3, #1A202C);mix-blend-mode:normal;}@media all and (max-width: 1024px), only screen and (min-device-width: 1024px) and (max-device-width: 1366px) and (-webkit-min-device-pixel-ratio: 2) and (orientation: landscape) and (hover: none){.kb-row-layout-id17_f7b060-bf{background-attachment:scroll;}}@media all and (max-width: 1024px){.kb-row-layout-id17_f7b060-bf > .kt-row-column-wrap{grid-template-columns:minmax(0, 1fr);}}@media all and (max-width: 767px){.kb-row-layout-id17_f7b060-bf > .kt-row-column-wrap{padding-top:120px;padding-right:15px;padding-bottom:60px;padding-left:15px;grid-template-columns:minmax(0, 1fr);}}<\/style><div class=\"kb-row-layout-wrap kb-row-layout-id17_f7b060-bf alignfull kt-row-has-bg wp-block-kadence-rowlayout\"><div class=\"kt-row-layout-overlay kt-row-overlay-normal\"><\/div><div class=\"kt-row-column-wrap kt-has-1-columns kt-row-layout-equal kt-tab-layout-inherit kt-mobile-layout-row kt-row-valign-top\">\n<style>.kadence-column17_bcc280-4a > .kt-inside-inner-col{padding-top:10px;padding-right:10px;padding-bottom:10px;padding-left:10px;}.kadence-column17_bcc280-4a > .kt-inside-inner-col,.kadence-column17_bcc280-4a > .kt-inside-inner-col:before{border-top-left-radius:0px;border-top-right-radius:0px;border-bottom-right-radius:0px;border-bottom-left-radius:0px;}.kadence-column17_bcc280-4a > .kt-inside-inner-col{column-gap:var(--global-kb-gap-sm, 1rem);}.kadence-column17_bcc280-4a > .kt-inside-inner-col{flex-direction:column;}.kadence-column17_bcc280-4a > .kt-inside-inner-col > .aligncenter{width:100%;}.kadence-column17_bcc280-4a > .kt-inside-inner-col:before{opacity:0.3;}.kadence-column17_bcc280-4a{position:relative;}@media all and (max-width: 1024px){.kadence-column17_bcc280-4a > .kt-inside-inner-col{flex-direction:column;}}@media all and (max-width: 767px){.kadence-column17_bcc280-4a > .kt-inside-inner-col{flex-direction:column;}}<\/style>\n<div class=\"wp-block-kadence-column kadence-column17_bcc280-4a inner-column-1\"><div class=\"kt-inside-inner-col\"><style>.kb-image17_d0abec-a5.kb-image-is-ratio-size, .kb-image17_d0abec-a5 .kb-image-is-ratio-size{max-width:231px;width:100%;}.wp-block-kadence-column > .kt-inside-inner-col > .kb-image17_d0abec-a5.kb-image-is-ratio-size, .wp-block-kadence-column > .kt-inside-inner-col > .kb-image17_d0abec-a5 .kb-image-is-ratio-size{align-self:unset;}.kb-image17_d0abec-a5 figure{max-width:231px;}.kb-image17_d0abec-a5 .image-is-svg, .kb-image17_d0abec-a5 .image-is-svg img{width:100%;}.kb-image17_d0abec-a5:not(.kb-image-is-ratio-size) .kb-img, .kb-image17_d0abec-a5.kb-image-is-ratio-size{padding-top:0px;padding-bottom:0px;}.kb-image17_d0abec-a5 .kb-image-has-overlay:after{opacity:0.3;}<\/style>\n<div class=\"wp-block-kadence-image kb-image17_d0abec-a5\"><figure class=\"aligncenter size-full\"><img loading=\"lazy\" decoding=\"async\" width=\"340\" height=\"326\" src=\"https:\/\/hieronta-lymfa.fi\/wp-content\/uploads\/2024\/03\/essiklogo2.png\" alt=\"\" class=\"kb-img wp-image-738\" srcset=\"https:\/\/hieronta-lymfa.fi\/wp-content\/uploads\/2024\/03\/essiklogo2.png 340w, https:\/\/hieronta-lymfa.fi\/wp-content\/uploads\/2024\/03\/essiklogo2-300x288.png 300w\" sizes=\"auto, (max-width: 340px) 100vw, 340px\" \/><\/figure><\/div>\n\n\n<style>.wp-block-kadence-advancedheading.kt-adv-heading17_22cec5-0a, .wp-block-kadence-advancedheading.kt-adv-heading17_22cec5-0a[data-kb-block=\"kb-adv-heading17_22cec5-0a\"]{padding-top:0px;margin-bottom:56px;text-align:center;font-size:27px;line-height:1px;font-weight:400;font-style:normal;font-family:Dosis;text-transform:uppercase;}.wp-block-kadence-advancedheading.kt-adv-heading17_22cec5-0a mark, .wp-block-kadence-advancedheading.kt-adv-heading17_22cec5-0a[data-kb-block=\"kb-adv-heading17_22cec5-0a\"] mark{font-style:normal;color:#f76a0c;padding-top:0px;padding-right:0px;padding-bottom:0px;padding-left:0px;}@media all and (max-width: 767px){.wp-block-kadence-advancedheading.kt-adv-heading17_22cec5-0a, .wp-block-kadence-advancedheading.kt-adv-heading17_22cec5-0a[data-kb-block=\"kb-adv-heading17_22cec5-0a\"]{font-size:32px;line-height:36px;}}<\/style>\n<h1 class=\"kt-adv-heading17_22cec5-0a wp-block-kadence-advancedheading has-theme-palette-9-color has-text-color\" data-kb-block=\"kb-adv-heading17_22cec5-0a\">Hieronta ja lymfaterapia Essi K.<\/h1>\n\n\n<style>.wp-block-kadence-advancedbtn.kt-btns17_a773bf-03, .site .entry-content .wp-block-kadence-advancedbtn.kt-btns17_a773bf-03, .wp-block-kadence-advancedbtn.kb-btns17_a773bf-03, .site .entry-content .wp-block-kadence-advancedbtn.kb-btns17_a773bf-03{margin-top:0px;margin-bottom:-5px;}.wp-block-kadence-advancedbtn.kb-btns17_a773bf-03{gap:var(--global-kb-gap-xs, 0.5rem );justify-content:center;align-items:center;}.kt-btns17_a773bf-03 .kt-button{font-weight:normal;font-style:normal;}<\/style>\n<div class=\"wp-block-kadence-advancedbtn kb-buttons-wrap kb-btns17_a773bf-03\"><style>ul.menu .wp-block-kadence-advancedbtn .kb-btn17_7ace1b-47.kb-button{width:initial;}.wp-block-kadence-advancedbtn .kb-btn17_7ace1b-47.kb-button{color:var(--global-palette3, #1A202C);font-size:var(--global-kb-font-size-md, 1.25rem);font-family:Dosis;font-weight:400;border-top-left-radius:1px;border-top-right-radius:1px;border-bottom-right-radius:1px;border-bottom-left-radius:1px;padding-top:16px;padding-bottom:16px;}.wp-block-kadence-advancedbtn .kb-btn17_7ace1b-47.kb-button:hover{color:var(--global-palette8, #F7FAFC);background:#080808;}@media all and (max-width: 1024px){.kb-btn17_7ace1b-47.kb-button .kb-svg-icon-wrap{display:block;}}<\/style><a class=\"kb-button kt-button button kb-btn17_7ace1b-47 kt-btn-size-small kt-btn-width-type-auto kb-btn-global-inherit kt-btn-has-text-true kt-btn-has-svg-false wp-block-button__link wp-block-kadence-singlebtn\" href=\"https:\/\/vello.fi\/essik\/\"><span class=\"kt-btn-inner-text\">VARAA T\u00c4ST\u00c4<\/span><\/a><\/div>\n<\/div><\/div>\n\n<\/div><\/div>\n\n<style>.kb-row-layout-id17_b052bd-94 > .kt-row-column-wrap{align-content:start;}:where(.kb-row-layout-id17_b052bd-94 > .kt-row-column-wrap) > .wp-block-kadence-column{justify-content:start;}.kb-row-layout-id17_b052bd-94 > .kt-row-column-wrap{column-gap:var(--global-kb-gap-md, 2rem);row-gap:var(--global-kb-gap-md, 2rem);max-width:var( --global-content-width, 1290px );padding-left:var(--global-content-edge-padding);padding-right:var(--global-content-edge-padding);padding-top:79px;padding-bottom:100px;grid-template-columns:minmax(0, 1fr);}.kb-row-layout-id17_b052bd-94 > .kt-row-layout-overlay{opacity:0.07;mix-blend-mode:normal;}@media all and (max-width: 1024px){.kb-row-layout-id17_b052bd-94 > .kt-row-column-wrap{padding-top:80px;padding-bottom:80px;grid-template-columns:minmax(0, 1fr);}}@media all and (max-width: 767px){.kb-row-layout-id17_b052bd-94 > .kt-row-column-wrap{padding-top:100px;padding-right:30px;padding-bottom:80px;padding-left:30px;grid-template-columns:minmax(0, 1fr);}}<\/style><div class=\"kb-row-layout-wrap kb-row-layout-id17_b052bd-94 alignnone has-theme-palette8-background-color kt-row-has-bg wp-block-kadence-rowlayout\"><div class=\"kt-row-column-wrap kt-has-1-columns kt-row-layout-equal kt-tab-layout-inherit kt-mobile-layout-row kt-row-valign-top kb-theme-content-width\">\n<style>.kadence-column17_f77d83-c7 > .kt-inside-inner-col,.kadence-column17_f77d83-c7 > .kt-inside-inner-col:before{border-top-left-radius:0px;border-top-right-radius:0px;border-bottom-right-radius:0px;border-bottom-left-radius:0px;}.kadence-column17_f77d83-c7 > .kt-inside-inner-col{column-gap:var(--global-kb-gap-sm, 1rem);}.kadence-column17_f77d83-c7 > .kt-inside-inner-col{flex-direction:column;}.kadence-column17_f77d83-c7 > .kt-inside-inner-col > .aligncenter{width:100%;}.kadence-column17_f77d83-c7 > .kt-inside-inner-col:before{opacity:0.3;}.kadence-column17_f77d83-c7{position:relative;}@media all and (max-width: 1024px){.kadence-column17_f77d83-c7 > .kt-inside-inner-col{padding-top:0px;padding-right:0px;padding-bottom:0px;padding-left:0px;flex-direction:column;}}@media all and (max-width: 767px){.kadence-column17_f77d83-c7 > .kt-inside-inner-col{flex-direction:column;}}<\/style>\n<div class=\"wp-block-kadence-column kadence-column17_f77d83-c7 inner-column-1\"><div class=\"kt-inside-inner-col\"><style>.kb-row-layout-id17_65a5a7-ca > .kt-row-column-wrap{align-content:start;}:where(.kb-row-layout-id17_65a5a7-ca > .kt-row-column-wrap) > .wp-block-kadence-column{justify-content:start;}.kb-row-layout-id17_65a5a7-ca > .kt-row-column-wrap{column-gap:var(--global-kb-gap-md, 2rem);row-gap:var(--global-kb-gap-md, 2rem);max-width:600px;margin-left:auto;margin-right:auto;padding-top:0px;padding-bottom:0px;grid-template-columns:minmax(0, 1fr);}.kb-row-layout-id17_65a5a7-ca > .kt-row-layout-overlay{opacity:0.30;}@media all and (max-width: 1024px){.kb-row-layout-id17_65a5a7-ca > .kt-row-column-wrap{padding-top:0px;padding-right:0px;padding-bottom:0px;padding-left:0px;grid-template-columns:minmax(0, 1fr);}}@media all and (max-width: 767px){.kb-row-layout-id17_65a5a7-ca > .kt-row-column-wrap{grid-template-columns:minmax(0, 1fr);}}<\/style><div class=\"kb-row-layout-wrap kb-row-layout-id17_65a5a7-ca alignnone wp-block-kadence-rowlayout\"><div class=\"kt-row-column-wrap kt-has-1-columns kt-row-layout-equal kt-tab-layout-inherit kt-mobile-layout-row kt-row-valign-top\">\n<style>.kadence-column17_21ce76-42 > .kt-inside-inner-col{padding-right:40px;padding-left:40px;}.kadence-column17_21ce76-42 > .kt-inside-inner-col,.kadence-column17_21ce76-42 > .kt-inside-inner-col:before{border-top-left-radius:0px;border-top-right-radius:0px;border-bottom-right-radius:0px;border-bottom-left-radius:0px;}.kadence-column17_21ce76-42 > .kt-inside-inner-col{column-gap:var(--global-kb-gap-sm, 1rem);}.kadence-column17_21ce76-42 > .kt-inside-inner-col{flex-direction:column;}.kadence-column17_21ce76-42 > .kt-inside-inner-col > .aligncenter{width:100%;}.kadence-column17_21ce76-42 > .kt-inside-inner-col:before{opacity:0.3;}.kadence-column17_21ce76-42{position:relative;}@media all and (max-width: 1024px){.kadence-column17_21ce76-42 > .kt-inside-inner-col{flex-direction:column;}}@media all and (max-width: 767px){.kadence-column17_21ce76-42 > .kt-inside-inner-col{padding-right:0px;padding-left:0px;flex-direction:column;}}<\/style>\n<div class=\"wp-block-kadence-column kadence-column17_21ce76-42 inner-column-1\"><div class=\"kt-inside-inner-col\"><style>.wp-block-kadence-advancedheading.kt-adv-heading17_f243a7-64, .wp-block-kadence-advancedheading.kt-adv-heading17_f243a7-64[data-kb-block=\"kb-adv-heading17_f243a7-64\"]{padding-top:0px;padding-right:0px;padding-bottom:12px;padding-left:0px;margin-top:0px;margin-right:0px;margin-bottom:0px;margin-left:0px;text-align:center;font-size:var(--global-kb-font-size-lg, 2rem);font-weight:400;font-style:normal;font-family:Dosis;text-transform:capitalize;}.wp-block-kadence-advancedheading.kt-adv-heading17_f243a7-64 mark, .wp-block-kadence-advancedheading.kt-adv-heading17_f243a7-64[data-kb-block=\"kb-adv-heading17_f243a7-64\"] mark{font-style:normal;color:#f76a0c;padding-top:0px;padding-right:0px;padding-bottom:0px;padding-left:0px;}<\/style>\n<h1 class=\"kt-adv-heading17_f243a7-64 wp-block-kadence-advancedheading has-theme-palette-3-color has-text-color\" data-kb-block=\"kb-adv-heading17_f243a7-64\">Hieronta ja lymfaterapia Essi K.<\/h1>\n\n\n<style>.wp-block-kadence-spacer.kt-block-spacer-17_2350f5-39 .kt-block-spacer{height:15px;}.wp-block-kadence-spacer.kt-block-spacer-17_2350f5-39 .kt-divider{border-top-width:1px;height:1px;border-top-color:var(--global-palette4, #2D3748);width:44%;border-top-style:solid;}<\/style>\n<div class=\"wp-block-kadence-spacer aligncenter kt-block-spacer-17_2350f5-39\"><div class=\"kt-block-spacer kt-block-spacer-halign-center\"><hr class=\"kt-divider\"\/><\/div><\/div>\n\n\n<style>.wp-block-kadence-advancedheading.kt-adv-heading17_1dd62b-63, .wp-block-kadence-advancedheading.kt-adv-heading17_1dd62b-63[data-kb-block=\"kb-adv-heading17_1dd62b-63\"]{padding-top:12px;padding-right:0px;padding-left:0px;text-align:center;font-style:normal;}.wp-block-kadence-advancedheading.kt-adv-heading17_1dd62b-63 mark, .wp-block-kadence-advancedheading.kt-adv-heading17_1dd62b-63[data-kb-block=\"kb-adv-heading17_1dd62b-63\"] mark{font-style:normal;color:#f76a0c;padding-top:0px;padding-right:0px;padding-bottom:0px;padding-left:0px;}@media all and (max-width: 767px){.wp-block-kadence-advancedheading.kt-adv-heading17_1dd62b-63, .wp-block-kadence-advancedheading.kt-adv-heading17_1dd62b-63[data-kb-block=\"kb-adv-heading17_1dd62b-63\"]{padding-right:0px;padding-left:0px;}}<\/style>\n<p class=\"kt-adv-heading17_1dd62b-63 wp-block-kadence-advancedheading has-theme-palette-3-color has-text-color\" data-kb-block=\"kb-adv-heading17_1dd62b-63\"><strong>Essi Kekoniemi <\/strong><br>Kuntohoitaja ja Vodder-lymfaterapeutti <br><br><strong>Osoite <\/strong><br>Lemmentie 18, 16300, Orimattila <br><br><strong>S\u00e4hk\u00f6posti <\/strong><br>essi@hieronta-lymfa.fi <br><br><strong>Puhelinnumero <\/strong><br>044 9824 806 <br>Lymfaterapia 03 7773860<\/p>\n<\/div><\/div>\n\n<\/div><\/div><\/div><\/div>\n\n<\/div><\/div>\n\n<style>.kb-row-layout-id17_90c870-dd > .kt-row-column-wrap{align-content:start;}:where(.kb-row-layout-id17_90c870-dd > .kt-row-column-wrap) > .wp-block-kadence-column{justify-content:start;}.kb-row-layout-id17_90c870-dd > .kt-row-column-wrap{column-gap:var(--global-kb-gap-none, 0rem );row-gap:var(--global-kb-gap-md, 2rem);max-width:600px;margin-left:auto;margin-right:auto;padding-top:var(--global-kb-spacing-xl, 4rem);padding-bottom:var(--global-kb-spacing-3xl, 6.5rem);grid-template-columns:minmax(0, 1fr);}.kb-row-layout-id17_90c870-dd{background-color:#fbcb3b;}.kb-row-layout-id17_90c870-dd > .kt-row-layout-overlay{opacity:0.30;}@media all and (max-width: 1024px){.kb-row-layout-id17_90c870-dd > .kt-row-column-wrap{row-gap:var(--global-kb-gap-sm, 1rem);grid-template-columns:minmax(0, 1fr);}}@media all and (max-width: 767px){.kb-row-layout-id17_90c870-dd > .kt-row-column-wrap{row-gap:var(--global-kb-gap-sm, 1rem);grid-template-columns:minmax(0, 1fr);}}<\/style><div class=\"kb-row-layout-wrap kb-row-layout-id17_90c870-dd alignfull kt-row-has-bg wp-block-kadence-rowlayout\"><div class=\"kt-row-column-wrap kt-has-2-columns kt-row-layout-row kt-tab-layout-row kt-mobile-layout-row kt-row-valign-top\">\n<style>.kadence-column17_5959f5-ac > .kt-inside-inner-col,.kadence-column17_5959f5-ac > .kt-inside-inner-col:before{border-top-left-radius:0px;border-top-right-radius:0px;border-bottom-right-radius:0px;border-bottom-left-radius:0px;}.kadence-column17_5959f5-ac > .kt-inside-inner-col{column-gap:var(--global-kb-gap-sm, 1rem);}.kadence-column17_5959f5-ac > .kt-inside-inner-col{flex-direction:column;}.kadence-column17_5959f5-ac > .kt-inside-inner-col > .aligncenter{width:100%;}.kadence-column17_5959f5-ac > .kt-inside-inner-col:before{opacity:0.3;}.kadence-column17_5959f5-ac{position:relative;}@media all and (max-width: 1024px){.kadence-column17_5959f5-ac > .kt-inside-inner-col{flex-direction:column;}}@media all and (max-width: 767px){.kadence-column17_5959f5-ac > .kt-inside-inner-col{flex-direction:column;}}<\/style>\n<div class=\"wp-block-kadence-column kadence-column17_5959f5-ac inner-column-1\"><div class=\"kt-inside-inner-col\"><style>.wp-block-kadence-advancedheading.kt-adv-heading17_57e2ac-3e, .wp-block-kadence-advancedheading.kt-adv-heading17_57e2ac-3e[data-kb-block=\"kb-adv-heading17_57e2ac-3e\"]{padding-bottom:var(--global-kb-spacing-sm, 1.5rem);margin-bottom:0px;text-align:center;font-size:var(--global-kb-font-size-lg, 2rem);line-height:1.2;font-weight:400;font-style:normal;font-family:Dosis;}.wp-block-kadence-advancedheading.kt-adv-heading17_57e2ac-3e mark, .wp-block-kadence-advancedheading.kt-adv-heading17_57e2ac-3e[data-kb-block=\"kb-adv-heading17_57e2ac-3e\"] mark{font-style:normal;color:#f76a0c;padding-top:0px;padding-right:0px;padding-bottom:0px;padding-left:0px;}<\/style>\n<h2 class=\"kt-adv-heading17_57e2ac-3e wp-block-kadence-advancedheading has-theme-palette-9-color has-text-color\" data-kb-block=\"kb-adv-heading17_57e2ac-3e\">OTA YHTEYTT\u00c4<\/h2>\n\n\n<style>.wp-block-kadence-advancedheading.kt-adv-heading17_4bd355-71, .wp-block-kadence-advancedheading.kt-adv-heading17_4bd355-71[data-kb-block=\"kb-adv-heading17_4bd355-71\"]{text-align:center;font-weight:400;font-style:normal;font-family:Dosis;text-transform:uppercase;}.wp-block-kadence-advancedheading.kt-adv-heading17_4bd355-71 mark, .wp-block-kadence-advancedheading.kt-adv-heading17_4bd355-71[data-kb-block=\"kb-adv-heading17_4bd355-71\"] mark{font-style:normal;color:#f76a0c;padding-top:0px;padding-right:0px;padding-bottom:0px;padding-left:0px;}<\/style>\n<p class=\"kt-adv-heading17_4bd355-71 wp-block-kadence-advancedheading has-theme-palette-9-color has-text-color\" data-kb-block=\"kb-adv-heading17_4bd355-71\">J\u00e4t\u00e4 viesti alla olevalla lomakkeella<\/p>\n\n\n<style>.wp-block-kadence-spacer.kt-block-spacer-17_512d76-6c .kt-block-spacer{height:6px;}.wp-block-kadence-spacer.kt-block-spacer-17_512d76-6c .kt-divider{border-top-width:1px;height:1px;border-top-color:#eee;width:15%;border-top-style:solid;}<\/style>\n<div class=\"wp-block-kadence-spacer aligncenter kt-block-spacer-17_512d76-6c\"><div class=\"kt-block-spacer kt-block-spacer-halign-center\"><hr class=\"kt-divider\"\/><\/div><\/div>\n<\/div><\/div>\n\n\n<style>.kadence-column17_53b872-1b > .kt-inside-inner-col,.kadence-column17_53b872-1b > .kt-inside-inner-col:before{border-top-left-radius:0px;border-top-right-radius:0px;border-bottom-right-radius:0px;border-bottom-left-radius:0px;}.kadence-column17_53b872-1b > .kt-inside-inner-col{column-gap:var(--global-kb-gap-sm, 1rem);}.kadence-column17_53b872-1b > .kt-inside-inner-col{flex-direction:column;}.kadence-column17_53b872-1b > .kt-inside-inner-col > .aligncenter{width:100%;}.kadence-column17_53b872-1b > .kt-inside-inner-col:before{opacity:0.3;}.kadence-column17_53b872-1b{position:relative;}@media all and (max-width: 1024px){.kadence-column17_53b872-1b > .kt-inside-inner-col{flex-direction:column;}}@media all and (max-width: 767px){.kadence-column17_53b872-1b > .kt-inside-inner-col{flex-direction:column;}}<\/style>\n<div class=\"wp-block-kadence-column kadence-column17_53b872-1b inner-column-2\"><div class=\"kt-inside-inner-col\"><style>.kadence-form-17_ab3914-b5 .kb-form .kadence-blocks-form-field .kb-text-style-field, .kadence-form-17_ab3914-b5 .kb-form .kadence-blocks-form-field .kb-select-style-field{color:var(--global-palette4, #2D3748);background:var(--global-palette9, #ffffff);border-color:var(--global-palette6, #718096);}.kadence-form-17_ab3914-b5 .kb-form .kadence-blocks-form-field > label{color:var(--global-palette3, #1A202C);}.kadence-form-17_ab3914-b5 .kb-form .kadence-blocks-form-field .kb-forms-submit{color:#000000;background:var(--global-palette9, #ffffff);}.kadence-form-17_ab3914-b5 .kb-form .kadence-blocks-form-field .kb-forms-submit{font-size:var(--global-kb-font-size-md, 1.25rem);}<\/style>\n<div class=\"wp-block-kadence-form kadence-form-17_ab3914-b5 kb-form-wrap kb-form-align-center\"><form class=\"kb-form\" action=\"\" method=\"post\" data-error-message=\"Virhe\"><div class=\"kadence-blocks-form-field kb-field-desk-width-100 kb-input-size-standard\"><input name=\"kb_field_0\" id=\"kb_field_17_ab3914-b5_0\" data-label=\"Nimi\" type=\"text\" placeholder=\"Nimi\" value=\"\" data-type=\"text\" class=\"kb-field kb-text-style-field kb-text-field kb-field-0\" data-required=\"yes\"\/><\/div><div class=\"kadence-blocks-form-field kb-form-field-1 kb-field-desk-width-100 kb-input-size-standard\"><input name=\"kb_field_1\" id=\"kb_field_17_ab3914-b5_1\" data-label=\"Nimi\" type=\"text\" placeholder=\"Puhelinnumero\" value=\"\" data-type=\"text\" class=\"kb-field kb-text-style-field kb-text-field kb-field-1\" data-required=\"yes\"\/><\/div><div class=\"kadence-blocks-form-field kb-form-field-2 kb-field-desk-width-100 kb-input-size-standard\"><input name=\"kb_field_2\" id=\"kb_field_17_ab3914-b5_2\" data-label=\"S\u00e4hk\u00f6posti\" type=\"email\" placeholder=\"S\u00e4hk\u00f6posti\" value=\"\" data-type=\"email\" class=\"kb-field kb-text-style-field kb-email-field kb-field-2\" data-required=\"yes\"\/><\/div><div class=\"kadence-blocks-form-field kb-form-field-3 kb-field-desk-width-100 kb-input-size-standard\"><textarea name=\"kb_field_3\" id=\"kb_field_17_ab3914-b5_3\" data-label=\"Viesti\" type=\"textarea\" placeholder=\"Viesti\" data-type=\"textarea\" class=\"kb-field kb-text-style-field kb-textarea-field kb-field-3\" rows=\"4\" data-required=\"yes\"><\/textarea><\/div><input type=\"hidden\" name=\"_kb_form_id\" value=\"17_ab3914-b5\"\/><input type=\"hidden\" name=\"_kb_form_post_id\" value=\"17\"\/><input type=\"hidden\" name=\"action\" value=\"kb_process_ajax_submit\"\/><input class=\"kadence-blocks-field verify\" type=\"text\" name=\"_kb_verify_email\" autocomplete=\"new-password\" aria-hidden=\"true\" placeholder=\"Email\" tabindex=\"-1\" data-1p-ignore=\"true\" data-lpignore=\"true\" \/><div class=\"kadence-blocks-form-field kb-submit-field kb-field-desk-width-100\"><button class=\"kb-forms-submit button kb-button-size-standard kb-button-width-auto\">L\u00c4HET\u00c4 ><\/button><\/div><\/form><\/div>\n<noscript><div class=\"kadence-blocks-form-message kadence-blocks-form-warning\">Please enable JavaScript in your browser to submit the form<\/div><style>.kadence-form-17_ab3914-b5 .kadence-blocks-form-field.kb-submit-field { display: none; }<\/style><\/noscript><\/div><\/div>\n\n<\/div><\/div>","protected":false},"excerpt":{"rendered":"<p>Hieronta ja lymfaterapia Essi K. Hieronta ja lymfaterapia Essi K. Essi Kekoniemi Kuntohoitaja ja Vodder-lymfaterapeutti Osoite Lemmentie 18, 16300, Orimattila S\u00e4hk\u00f6posti essi@hieronta-lymfa.fi Puhelinnumero 044 9824 806 Lymfaterapia 03 7773860 OTA YHTEYTT\u00c4 J\u00e4t\u00e4 viesti alla olevalla lomakkeella<\/p>\n","protected":false},"author":1,"featured_media":0,"parent":0,"menu_order":0,"comment_status":"closed","ping_status":"closed","template":"","meta":{"_kadence_starter_templates_imported_post":true,"_kad_post_transparent":"","_kad_post_title":"hide","_kad_post_layout":"fullwidth","_kad_post_sidebar_id":"","_kad_post_content_style":"unboxed","_kad_post_vertical_padding":"hide","_kad_post_feature":"hide","_kad_post_feature_position":"","_kad_post_header":false,"_kad_post_footer":false,"footnotes":""},"class_list":["post-17","page","type-page","status-publish","hentry"],"_links":{"self":[{"href":"https:\/\/hieronta-lymfa.fi\/index.php?rest_route=\/wp\/v2\/pages\/17","targetHints":{"allow":["GET"]}}],"collection":[{"href":"https:\/\/hieronta-lymfa.fi\/index.php?rest_route=\/wp\/v2\/pages"}],"about":[{"href":"https:\/\/hieronta-lymfa.fi\/index.php?rest_route=\/wp\/v2\/types\/page"}],"author":[{"embeddable":true,"href":"https:\/\/hieronta-lymfa.fi\/index.php?rest_route=\/wp\/v2\/users\/1"}],"replies":[{"embeddable":true,"href":"https:\/\/hieronta-lymfa.fi\/index.php?rest_route=%2Fwp%2Fv2%2Fcomments&post=17"}],"version-history":[{"count":15,"href":"https:\/\/hieronta-lymfa.fi\/index.php?rest_route=\/wp\/v2\/pages\/17\/revisions"}],"predecessor-version":[{"id":838,"href":"https:\/\/hieronta-lymfa.fi\/index.php?rest_route=\/wp\/v2\/pages\/17\/revisions\/838"}],"wp:attachment":[{"href":"https:\/\/hieronta-lymfa.fi\/index.php?rest_route=%2Fwp%2Fv2%2Fmedia&parent=17"}],"curies":[{"name":"wp","href":"https:\/\/api.w.org\/{rel}","templated":true}]}}